{"id":971,"date":"2026-01-02T19:10:50","date_gmt":"2026-01-02T19:10:50","guid":{"rendered":"https:\/\/yourhealingnature.com\/?page_id=971"},"modified":"2026-01-02T19:32:16","modified_gmt":"2026-01-02T19:32:16","slug":"begin-your-healing-journey","status":"publish","type":"page","link":"https:\/\/yourhealingnature.com\/es\/begin-your-healing-journey\/","title":{"rendered":"Comienza tu camino de sanaci\u00f3n"},"content":{"rendered":"<div data-elementor-type=\"wp-page\" data-elementor-id=\"971\" class=\"elementor elementor-971\" data-elementor-post-type=\"page\">\n\t\t\t\t<div class=\"elementor-element elementor-element-30551bf e-flex e-con-boxed e-con e-parent\" data-id=\"30551bf\" data-element_type=\"container\" data-settings=\"{&quot;background_background&quot;:&quot;classic&quot;}\">\n\t\t\t\t\t<div class=\"e-con-inner\">\n\t\t<div class=\"elementor-element elementor-element-01040fe e-con-full e-flex e-con e-child\" data-id=\"01040fe\" data-element_type=\"container\">\n\t\t\t\t<div class=\"elementor-element elementor-element-a632172 elementor-widget elementor-widget-heading\" data-id=\"a632172\" data-element_type=\"widget\" data-widget_type=\"heading.default\">\n\t\t\t\t\t<h2 class=\"elementor-heading-title elementor-size-default\">\u00a1Ad\u00e9ntrate con valent\u00eda en 2026!<\/h2>\t\t\t\t<\/div>\n\t\t\t\t<div class=\"elementor-element elementor-element-6b8279e elementor-widget elementor-widget-spacer\" data-id=\"6b8279e\" data-element_type=\"widget\" data-widget_type=\"spacer.default\">\n\t\t\t\t\t\t\t<div class=\"elementor-spacer\">\n\t\t\t<div class=\"elementor-spacer-inner\"><\/div>\n\t\t<\/div>\n\t\t\t\t\t\t<\/div>\n\t\t\t\t<div class=\"elementor-element elementor-element-b250f44 elementor-widget elementor-widget-text-editor\" data-id=\"b250f44\" data-element_type=\"widget\" data-widget_type=\"text-editor.default\">\n\t\t\t\t\t\t\t\t\t<p>Si sientes el llamado hacia un trabajo m\u00e1s profundo\u2014el duelo, el recuerdo, los lugares sombr\u00edos que rara vez nombramos\u2014y est\u00e1s listo\/a para enfrentarlo con sinceridad, est\u00e1s invitado\/a.<\/p><p>De febrero a julio de 2026, Your Healing Nature abrir\u00e1 una serie de sesiones individuales gratuitas para quienes est\u00e9n preparados\/as para ir m\u00e1s all\u00e1 de la superficie y vivir la transformaci\u00f3n a trav\u00e9s del mundo natural.<\/p><p>Esto no es una exploraci\u00f3n casual, ni una carrera hacia la sanaci\u00f3n.\n Es un espacio para los honestos, los dispuestos y los dedicados a la excavaci\u00f3n interior con apoyo.<br \/>It is a space for the honest, the willing, the devoted to inner excavation with support.<\/p>\t\t\t\t\t\t\t\t<\/div>\n\t\t\t\t<div class=\"elementor-element elementor-element-441d478 elementor-widget-divider--view-line elementor-widget elementor-widget-divider\" data-id=\"441d478\" data-element_type=\"widget\" data-widget_type=\"divider.default\">\n\t\t\t\t\t\t\t<div class=\"elementor-divider\">\n\t\t\t<span class=\"elementor-divider-separator\">\n\t\t\t\t\t\t<\/span>\n\t\t<\/div>\n\t\t\t\t\t\t<\/div>\n\t\t\t\t<div class=\"elementor-element elementor-element-23fa55a elementor-widget elementor-widget-text-editor\" data-id=\"23fa55a\" data-element_type=\"widget\" data-widget_type=\"text-editor.default\">\n\t\t\t\t\t\t\t\t\t<p><strong>Fecha l\u00edmite para postular: <\/strong><\/p><p>31 de enero de 2026 a las 11:59 PM (PST)<\/p>\t\t\t\t\t\t\t\t<\/div>\n\t\t\t\t<div class=\"elementor-element elementor-element-385a409 elementor-widget elementor-widget-text-editor\" data-id=\"385a409\" data-element_type=\"widget\" data-widget_type=\"text-editor.default\">\n\t\t\t\t\t\t\t\t\t<p><strong>Notificaci\u00f3n para los participantes seleccionados:<\/strong><\/p><p>S\u00e1bado, 14 de febrero de 2026, con sesiones tentativamente comenzando el s\u00e1bado, 28 de febrero de 2026.<\/p>\t\t\t\t\t\t\t\t<\/div>\n\t\t\t\t<div class=\"elementor-element elementor-element-c1fd383 elementor-widget-divider--view-line elementor-widget elementor-widget-divider\" data-id=\"c1fd383\" data-element_type=\"widget\" data-widget_type=\"divider.default\">\n\t\t\t\t\t\t\t<div class=\"elementor-divider\">\n\t\t\t<span class=\"elementor-divider-separator\">\n\t\t\t\t\t\t<\/span>\n\t\t<\/div>\n\t\t\t\t\t\t<\/div>\n\t\t\t\t<div class=\"elementor-element elementor-element-ba63a77 elementor-widget__width-inherit elementor-widget elementor-widget-text-editor\" data-id=\"ba63a77\" data-element_type=\"widget\" data-widget_type=\"text-editor.default\">\n\t\t\t\t\t\t\t\t\t<p>Si est\u00e1s listo\/a para enfrentar tu umbral interior con valent\u00eda y ternura, comienza aqu\u00ed.<\/p>\t\t\t\t\t\t\t\t<\/div>\n\t\t<div class=\"elementor-element elementor-element-c6382a0 e-con-full e-flex e-con e-child\" data-id=\"c6382a0\" data-element_type=\"container\">\n\t\t\t\t<div class=\"elementor-element elementor-element-bb9ed26 elementor-widget__width-auto elementor-widget elementor-widget-text-editor\" data-id=\"bb9ed26\" data-element_type=\"widget\" data-widget_type=\"text-editor.default\">\n\t\t\t\t\t\t\t\t\t<p><strong>Post\u00falate para la serie de sesiones individuales gratuitas \u2193<\/strong><\/p>\t\t\t\t\t\t\t\t<\/div>\n\t\t\t\t<div class=\"elementor-element elementor-element-956bc2d elementor-widget elementor-widget-button\" data-id=\"956bc2d\" data-element_type=\"widget\" data-widget_type=\"button.default\">\n\t\t\t\t\t\t\t\t\t\t<a class=\"elementor-button elementor-button-link elementor-size-sm\" href=\"https:\/\/docs.google.com\/forms\/d\/e\/1FAIpQLSfF0jMunJLyspDkTgbr023H0Uxgn7Nz4NtqxSx2puLZnPecoA\/viewform?usp=publish-editor\">\n\t\t\t\t\t\t<span class=\"elementor-button-content-wrapper\">\n\t\t\t\t\t\t<span class=\"elementor-button-icon\">\n\t\t\t\t<svg aria-hidden=\"true\" class=\"e-font-icon-svg e-fab-wpforms\" viewbox=\"0 0 448 512\" xmlns=\"http:\/\/www.w3.org\/2000\/svg\"><path d=\"M448 75.2v361.7c0 24.3-19 43.2-43.2 43.2H43.2C19.3 480 0 461.4 0 436.8V75.2C0 51.1 18.8 32 43.2 32h361.7c24 0 43.1 18.8 43.1 43.2zm-37.3 361.6V75.2c0-3-2.6-5.8-5.8-5.8h-9.3L285.3 144 224 94.1 162.8 144 52.5 69.3h-9.3c-3.2 0-5.8 2.8-5.8 5.8v361.7c0 3 2.6 5.8 5.8 5.8h361.7c3.2.1 5.8-2.7 5.8-5.8zM150.2 186v37H76.7v-37h73.5zm0 74.4v37.3H76.7v-37.3h73.5zm11.1-147.3l54-43.7H96.8l64.5 43.7zm210 72.9v37h-196v-37h196zm0 74.4v37.3h-196v-37.3h196zm-84.6-147.3l64.5-43.7H232.8l53.9 43.7zM371.3 335v37.3h-99.4V335h99.4z\"><\/path><\/svg>\t\t\t<\/span>\n\t\t\t\t\t\t\t\t\t<span class=\"elementor-button-text\">Completa el formulario de inscripci\u00f3n<\/span>\n\t\t\t\t\t<\/span>\n\t\t\t\t\t<\/a>\n\t\t\t\t\t\t\t\t<\/div>\n\t\t\t\t<\/div>\n\t\t\t\t<\/div>\n\t\t\t\t<div class=\"elementor-element elementor-element-11106d1 elementor-widget elementor-widget-spacer\" data-id=\"11106d1\" data-element_type=\"widget\" data-widget_type=\"spacer.default\">\n\t\t\t\t\t\t\t<div class=\"elementor-spacer\">\n\t\t\t<div class=\"elementor-spacer-inner\"><\/div>\n\t\t<\/div>\n\t\t\t\t\t\t<\/div>\n\t\t\t\t\t<\/div>\n\t\t\t\t<\/div>\n\t\t\t\t<\/div>","protected":false},"excerpt":{"rendered":"<p>Journey boldly into 2026! If you feel the pull toward the deeper work\u2014the grieving, the remembering, the shadowed places we rarely name\u2014and you are ready to meet it with sincerity, you\u2019re invited. From February through July 2026, Your Healing Nature is opening a free individual session series for those prepared to go beneath the surface [&hellip;]<\/p>","protected":false},"author":1,"featured_media":0,"parent":0,"menu_order":0,"comment_status":"closed","ping_status":"closed","template":"elementor_header_footer","meta":{"footnotes":""},"class_list":["post-971","page","type-page","status-publish","hentry"],"_hostinger_reach_plugin_has_subscription_block":false,"_hostinger_reach_plugin_is_elementor":false,"_links":{"self":[{"href":"https:\/\/yourhealingnature.com\/es\/wp-json\/wp\/v2\/pages\/971","targetHints":{"allow":["GET"]}}],"collection":[{"href":"https:\/\/yourhealingnature.com\/es\/wp-json\/wp\/v2\/pages"}],"about":[{"href":"https:\/\/yourhealingnature.com\/es\/wp-json\/wp\/v2\/types\/page"}],"author":[{"embeddable":true,"href":"https:\/\/yourhealingnature.com\/es\/wp-json\/wp\/v2\/users\/1"}],"replies":[{"embeddable":true,"href":"https:\/\/yourhealingnature.com\/es\/wp-json\/wp\/v2\/comments?post=971"}],"version-history":[{"count":37,"href":"https:\/\/yourhealingnature.com\/es\/wp-json\/wp\/v2\/pages\/971\/revisions"}],"predecessor-version":[{"id":1017,"href":"https:\/\/yourhealingnature.com\/es\/wp-json\/wp\/v2\/pages\/971\/revisions\/1017"}],"wp:attachment":[{"href":"https:\/\/yourhealingnature.com\/es\/wp-json\/wp\/v2\/media?parent=971"}],"curies":[{"name":"wp","href":"https:\/\/api.w.org\/{rel}","templated":true}]}}